{"id":9,"date":"2021-03-15T09:54:54","date_gmt":"2021-03-15T09:54:54","guid":{"rendered":"http:\/\/weideoysivut.test\/?page_id=5"},"modified":"2021-03-25T20:01:50","modified_gmt":"2021-03-25T18:01:50","slug":"home","status":"publish","type":"page","link":"http:\/\/weide.fi\/","title":{"rendered":"Suomalaista modernia muotoilua palveluteknologian haasteisiin"},"content":{"rendered":"\n<p>Uskomme, ett\u00e4 monista ihmisten jokap\u00e4iv\u00e4isist\u00e4 asioista voidaan tehd\u00e4 helpompia paremman palveluteknologian avulla. Weide Oy suunnittelee ja valmistaa yritysten p\u00e4ivitt\u00e4ist\u00e4 toimintaa tukevia itsepalvelu-automaatteja, ovin\u00e4ytt\u00f6j\u00e4 ja laitteiden kotelointeja. Palveluteknologiaratkaisujamme on myyty Euroopan laajuisesti asiakkaiden yksil\u00f6llisten tarpeiden mukaisesti. Tyylikk\u00e4\u00e4t ratkaisumme ovat helposti muokattavissa kaikille asiakkaan haluamille laitteille tai n\u00e4yt\u00f6ille. <\/p>\n\n\n\n<p>Kuluttajat ovat enemmiss\u00e4 m\u00e4\u00e4rin tottuneet kirjautumaan sis\u00e4\u00e4n itsepalveluautomaateilla, asioimaan n\u00e4yt\u00f6ill\u00e4 ja maksamaan itsepalvelukassoilla. Laitteita myyvill\u00e4 ja valmistavilla tahoilla ei ole varaa ohittaa palvelun kehityssuuntaa. Moderni tekniikka parantaa palvelun tasoa, tehostaa henkil\u00f6kunnan ajank\u00e4ytt\u00f6\u00e4, nopeuttaa prosesseja ja lis\u00e4\u00e4 asiakastyytyv\u00e4isyytt\u00e4.<\/p>\n\n\n\n<p>Weide Oy:n suurimmat asiakkaat ovat kansainv\u00e4lisesti toimivia teknologia- ja palveluohjelmistojen valmistajia. Weide<br>Oy:n tuotteita on n\u00e4ht\u00e4vill\u00e4 Suomen suurimmissa kauppakeskuksissa, terveydenhuollossa, posteissa ja ulkomailla tunnettujen suurten pikaruokaketjujen ravintoloissa.<\/p>\n\n\n\n<figure class=\"wp-block-gallery columns-3 is-cropped wp-block-gallery-1 is-layout-flex wp-block-gallery-is-layout-flex\"><ul class=\"blocks-gallery-grid\"><li class=\"blocks-gallery-item\"><figure><img loading=\"lazy\" decoding=\"async\" width=\"768\" height=\"1024\" src=\"http:\/\/weide.fi\/wp-content\/uploads\/2021\/03\/IMG_20170706_211354-1-768x1024.jpg\" alt=\"\" data-id=\"66\" data-full-url=\"http:\/\/weide.fi\/wp-content\/uploads\/2021\/03\/IMG_20170706_211354-1-scaled.jpg\" data-link=\"http:\/\/weide.fi\/index.php\/home\/img_20170706_211354-1\/\" class=\"wp-image-66\" srcset=\"https:\/\/weide.fi\/wp-content\/uploads\/2021\/03\/IMG_20170706_211354-1-768x1024.jpg 768w, https:\/\/weide.fi\/wp-content\/uploads\/2021\/03\/IMG_20170706_211354-1-225x300.jpg 225w, https:\/\/weide.fi\/wp-content\/uploads\/2021\/03\/IMG_20170706_211354-1-1152x1536.jpg 1152w, https:\/\/weide.fi\/wp-content\/uploads\/2021\/03\/IMG_20170706_211354-1-1536x2048.jpg 1536w, https:\/\/weide.fi\/wp-content\/uploads\/2021\/03\/IMG_20170706_211354-1-scaled.jpg 1920w\" sizes=\"auto, (max-width: 768px) 100vw, 768px\" \/><\/figure><\/li><li class=\"blocks-gallery-item\"><figure><img loading=\"lazy\" decoding=\"async\" width=\"768\" height=\"1024\" src=\"http:\/\/weide.fi\/wp-content\/uploads\/2021\/03\/IMG_20180110_133915-1-768x1024.jpg\" alt=\"\" data-id=\"68\" data-full-url=\"http:\/\/weide.fi\/wp-content\/uploads\/2021\/03\/IMG_20180110_133915-1-scaled.jpg\" data-link=\"http:\/\/weide.fi\/index.php\/home\/img_20180110_133915-1\/\" class=\"wp-image-68\" srcset=\"https:\/\/weide.fi\/wp-content\/uploads\/2021\/03\/IMG_20180110_133915-1-768x1024.jpg 768w, https:\/\/weide.fi\/wp-content\/uploads\/2021\/03\/IMG_20180110_133915-1-225x300.jpg 225w, https:\/\/weide.fi\/wp-content\/uploads\/2021\/03\/IMG_20180110_133915-1-1152x1536.jpg 1152w, https:\/\/weide.fi\/wp-content\/uploads\/2021\/03\/IMG_20180110_133915-1-1536x2048.jpg 1536w, https:\/\/weide.fi\/wp-content\/uploads\/2021\/03\/IMG_20180110_133915-1-scaled.jpg 1920w\" sizes=\"auto, (max-width: 768px) 100vw, 768px\" \/><\/figure><\/li><li class=\"blocks-gallery-item\"><figure><img loading=\"lazy\" decoding=\"async\" width=\"768\" height=\"1024\" src=\"http:\/\/weide.fi\/wp-content\/uploads\/2021\/03\/IMG_20180423_152201-1-768x1024.jpg\" alt=\"\" data-id=\"69\" data-full-url=\"http:\/\/weide.fi\/wp-content\/uploads\/2021\/03\/IMG_20180423_152201-1-scaled.jpg\" data-link=\"http:\/\/weide.fi\/index.php\/home\/img_20180423_152201-1\/\" class=\"wp-image-69\" srcset=\"https:\/\/weide.fi\/wp-content\/uploads\/2021\/03\/IMG_20180423_152201-1-768x1024.jpg 768w, https:\/\/weide.fi\/wp-content\/uploads\/2021\/03\/IMG_20180423_152201-1-225x300.jpg 225w, https:\/\/weide.fi\/wp-content\/uploads\/2021\/03\/IMG_20180423_152201-1-1152x1536.jpg 1152w, https:\/\/weide.fi\/wp-content\/uploads\/2021\/03\/IMG_20180423_152201-1-1536x2048.jpg 1536w, https:\/\/weide.fi\/wp-content\/uploads\/2021\/03\/IMG_20180423_152201-1-scaled.jpg 1920w\" sizes=\"auto, (max-width: 768px) 100vw, 768px\" \/><\/figure><\/li><li class=\"blocks-gallery-item\"><figure><img loading=\"lazy\" decoding=\"async\" width=\"1024\" height=\"550\" src=\"http:\/\/weide.fi\/wp-content\/uploads\/2021\/03\/IMG_20190416_141343-1-1-1024x550.jpg\" alt=\"\" data-id=\"70\" data-full-url=\"http:\/\/weide.fi\/wp-content\/uploads\/2021\/03\/IMG_20190416_141343-1-1-scaled.jpg\" data-link=\"http:\/\/weide.fi\/index.php\/home\/img_20190416_141343-1-1\/\" class=\"wp-image-70\" srcset=\"https:\/\/weide.fi\/wp-content\/uploads\/2021\/03\/IMG_20190416_141343-1-1-1024x550.jpg 1024w, https:\/\/weide.fi\/wp-content\/uploads\/2021\/03\/IMG_20190416_141343-1-1-300x161.jpg 300w, https:\/\/weide.fi\/wp-content\/uploads\/2021\/03\/IMG_20190416_141343-1-1-768x413.jpg 768w, https:\/\/weide.fi\/wp-content\/uploads\/2021\/03\/IMG_20190416_141343-1-1-1536x825.jpg 1536w, https:\/\/weide.fi\/wp-content\/uploads\/2021\/03\/IMG_20190416_141343-1-1-2048x1100.jpg 2048w\" sizes=\"auto, (max-width: 1024px) 100vw, 1024px\" \/><\/figure><\/li><\/ul><\/figure>\n\n\n\n<p><\/p>\n","protected":false},"excerpt":{"rendered":"<p>Uskomme, ett\u00e4 monista ihmisten jokap\u00e4iv\u00e4isist\u00e4 asioista voidaan tehd\u00e4 helpompia paremman palveluteknologian avulla. Weide Oy suunnittelee ja valmistaa yritysten p\u00e4ivitt\u00e4ist\u00e4 toimintaa tukevia itsepalvelu-automaatteja, ovin\u00e4ytt\u00f6j\u00e4 ja laitteiden kotelointeja. Palveluteknologiaratkaisujamme on myyty Euroopan laajuisesti asiakkaiden yksil\u00f6llisten tarpeiden mukaisesti. Tyylikk\u00e4\u00e4t ratkaisumme ovat helposti muokattavissa kaikille asiakkaan haluamille laitteille tai n\u00e4yt\u00f6ille. Kuluttajat ovat enemmiss\u00e4 m\u00e4\u00e4rin tottuneet kirjautumaan sis\u00e4\u00e4n itsepalveluautomaateilla, asioimaan [&hellip;]<\/p>\n","protected":false},"author":1,"featured_media":0,"parent":0,"menu_order":0,"comment_status":"closed","ping_status":"closed","template":"","meta":{"footnotes":""},"class_list":["post-9","page","type-page","status-publish","hentry"],"_links":{"self":[{"href":"https:\/\/weide.fi\/index.php\/wp-json\/wp\/v2\/pages\/9","targetHints":{"allow":["GET"]}}],"collection":[{"href":"https:\/\/weide.fi\/index.php\/wp-json\/wp\/v2\/pages"}],"about":[{"href":"https:\/\/weide.fi\/index.php\/wp-json\/wp\/v2\/types\/page"}],"author":[{"embeddable":true,"href":"https:\/\/weide.fi\/index.php\/wp-json\/wp\/v2\/users\/1"}],"replies":[{"embeddable":true,"href":"https:\/\/weide.fi\/index.php\/wp-json\/wp\/v2\/comments?post=9"}],"version-history":[{"count":5,"href":"https:\/\/weide.fi\/index.php\/wp-json\/wp\/v2\/pages\/9\/revisions"}],"predecessor-version":[{"id":78,"href":"https:\/\/weide.fi\/index.php\/wp-json\/wp\/v2\/pages\/9\/revisions\/78"}],"wp:attachment":[{"href":"https:\/\/weide.fi\/index.php\/wp-json\/wp\/v2\/media?parent=9"}],"curies":[{"name":"wp","href":"https:\/\/api.w.org\/{rel}","templated":true}]}}